{"id":256,"date":"2024-04-16T05:50:08","date_gmt":"2024-04-16T03:50:08","guid":{"rendered":"https:\/\/mondpo.be\/?page_id=256"},"modified":"2024-04-16T06:56:37","modified_gmt":"2024-04-16T04:56:37","slug":"dpo-de-votre-organisation","status":"publish","type":"page","link":"https:\/\/mondpo.be\/index.php\/dpo-de-votre-organisation\/","title":{"rendered":"DPO de votre organisation"},"content":{"rendered":"\n<p>La protection de vos donn\u00e9es personnelles est notre seule pr\u00e9occupation. Experts en s\u00e9curit\u00e9 informatique depuis 30 ans et DPO Externe depuis 2018, nous nous concentrons principalement sur les 3 secteurs que nous connaissons bien. Mais cela ne nous emp\u00eache pas de pouvoir vous aider. Si vous cherchez un DPO-Externe ou quelqu&rsquo;un pour auditer v\u00f4tre site WEB par exemple, cela vaut la peine de nous contacter ! Cerise sur le g\u00e2teau, si vous \u00eates une PME, la cybers\u00e9curit\u00e9 est financ\u00e9e par les ch\u00e8ques entreprise ! Ils prendront 70% de la factures \u00e0 leur compte ! <\/p>\n\n\n\n<p><\/p>\n\n\n\n<p><\/p>\n","protected":false},"excerpt":{"rendered":"<p>La protection de vos donn\u00e9es personnelles est notre seule pr\u00e9occupation. Experts en s\u00e9curit\u00e9 informatique depuis 30 ans et DPO Externe depuis 2018, nous nous concentrons principalement sur les 3 secteurs que nous connaissons bien. Mais cela ne nous emp\u00eache pas de pouvoir vous aider. Si vous cherchez un DPO-Externe ou quelqu&rsquo;un pour auditer v\u00f4tre site [&hellip;]<\/p>\n","protected":false},"author":2,"featured_media":0,"parent":0,"menu_order":0,"comment_status":"closed","ping_status":"closed","template":"","meta":{"footnotes":""},"class_list":["post-256","page","type-page","status-publish","hentry"],"_links":{"self":[{"href":"https:\/\/mondpo.be\/index.php\/wp-json\/wp\/v2\/pages\/256","targetHints":{"allow":["GET"]}}],"collection":[{"href":"https:\/\/mondpo.be\/index.php\/wp-json\/wp\/v2\/pages"}],"about":[{"href":"https:\/\/mondpo.be\/index.php\/wp-json\/wp\/v2\/types\/page"}],"author":[{"embeddable":true,"href":"https:\/\/mondpo.be\/index.php\/wp-json\/wp\/v2\/users\/2"}],"replies":[{"embeddable":true,"href":"https:\/\/mondpo.be\/index.php\/wp-json\/wp\/v2\/comments?post=256"}],"version-history":[{"count":2,"href":"https:\/\/mondpo.be\/index.php\/wp-json\/wp\/v2\/pages\/256\/revisions"}],"predecessor-version":[{"id":296,"href":"https:\/\/mondpo.be\/index.php\/wp-json\/wp\/v2\/pages\/256\/revisions\/296"}],"wp:attachment":[{"href":"https:\/\/mondpo.be\/index.php\/wp-json\/wp\/v2\/media?parent=256"}],"curies":[{"name":"wp","href":"https:\/\/api.w.org\/{rel}","templated":true}]}}